{"id":267,"date":"2014-04-04T10:04:28","date_gmt":"2014-04-04T09:04:28","guid":{"rendered":"http:\/\/schurig.berlin\/?page_id=267"},"modified":"2014-07-28T21:13:47","modified_gmt":"2014-07-28T20:13:47","slug":"weinherstellung","status":"publish","type":"page","link":"http:\/\/schurig.berlin\/?page_id=267","title":{"rendered":"Weinherstellung aus Trauben (rot)"},"content":{"rendered":"<p>Checkliste Weinherstellung<br \/>\nZeitplan:<\/p>\n<table border=\"0\">\n<tbody>\n<tr>\n<td style=\"text-align: left;\">Vorgang<\/td>\n<td style=\"text-align: left;\">\u00a0Termine<\/td>\n<td>\n<p style=\"text-align: left;\">\u00a0Dauer<\/p>\n<\/td>\n<\/tr>\n<tr>\n<td>Maischeg\u00e4rung<\/td>\n<td>18.09.2011<\/td>\n<td>1 Woche<\/td>\n<\/tr>\n<tr>\n<td>Abpressen und G\u00e4rung<\/td>\n<td>25.09.2011<\/td>\n<td>3 Wochen<\/td>\n<\/tr>\n<tr>\n<td>Abstich und Ruhen<\/td>\n<td>16.10.2011<\/td>\n<td>16 Wochen<\/td>\n<\/tr>\n<tr>\n<td>Flaschenabf\u00fcllung<\/td>\n<td>18.01.2012<\/td>\n<td>nach 20 Wochen<\/td>\n<\/tr>\n<\/tbody>\n<\/table>\n<p><strong><em>Maischeg\u00e4rung<\/em><\/strong><br \/>\nBeginn am 18. September 2011<br \/>\nDauer 1 Woche<\/p>\n<p>Trauben rot<br \/>\n1 g Kaliumdisulfat auf 10 l (Arausan Schwfelpulver 3 T\u00fctchen a 1 g auf 30 l)<br \/>\n2 g Hefesalz auf 10 l (Arauner Hefen\u00e4hrsalztabletten 7 Tabletten a 0,8 g auf 30 l)<br \/>\n2 ml Antigel auf 1 kg Maische (Kitzinger Antigeliermittel 60 g \/ ml auf 30 l)<br \/>\n1 Flasche Reinzuchthefe Bordeaux<br \/>\n30 l \u2013 Fass nicht voll wegen Maische<\/p>\n<p><strong><em>Abpressen und G\u00e4rung<\/em><\/strong><br \/>\nBeginn am 25. September 2011<br \/>\nDauer 3 Wochen<br \/>\nMaische abpressen mit Flotter Lotte<\/p>\n<p>25 l Weinballon<br \/>\n1 Trichter<br \/>\nZucker zusetzen<br \/>\ngew\u00fcnschtes Mostgewicht 90 Oe\u00b0 = 12,2 % Vol. Alkohol bei 20 \u00b0C<br \/>\nMessen mit \u00d6chselwaage (Ar\u00e4ometer)<\/p>\n<p>z.B. f\u00fcr 20 l<br \/>\naktuelles Mostgewicht 60 Oe\u00b0 bei 21 \u00b0C (f\u00fcr 3,5 \u00b0C wird 1 Oe\u00b0 dazugez\u00e4hlt) = 130 g Zucker \/ l &#8212;&gt; 7,6 % Vol. Alkohol<br \/>\ngew\u00fcnschtes Mostgewicht 90 Oe\u00b0 = 12,2 % Vol. Alkohol<br \/>\n90 Oe\u00b0 &#8211; 60 Oe\u00b0 = 30 Oe\u00b0<br \/>\n30 Oe\u00b0 * 2,6 g Zucker = 78 g Zucker \/ l<br \/>\n20 l * 78 g Zucker = 1560 g Zucker<\/p>\n<p><em><strong>Abstich und Ruhen<\/strong><\/em><br \/>\nBeginn am 16. Oktober 2011<br \/>\nDauer 16 Wochen<br \/>\nerster Abstich &#8211; Jungwein wird vom abgesetzten Trub abgezogen<br \/>\nf\u00fcr Kl\u00e4rung und Reifung\u00a04 Monate<\/p>\n<p>20 l Weinballon<br \/>\n1 Trichter mit Filter<br \/>\n1 Schlauch<br \/>\n1 g Kaliumdisulfat auf 10 l (Arausan Schwefelpulver 2 T\u00fctchen a 1 g auf 20 l)<\/p>\n<p><em><strong>Flaschenabf\u00fcllung<\/strong><\/em><br \/>\nBeginn am 18. Januar 2012<\/p>\n<p>auf Flasche abziehen<br \/>\n<div class=\"printfriendly pf-button  pf-alignright\">\n                    <a href=\"http:\/\/schurig.berlin\/?page_id=267&#038;pfstyle=wp\" rel=\"nofollow\" onclick=\"\" title=\"Printer Friendly, PDF & Email\">\n                    <img src=\"https:\/\/cdn.printfriendly.com\/icons\/printfriendly-icon-md.png\" alt=\"Print Friendly, PDF & Email\" class=\"pf-button-img\" style=\"width: 16px;height: 16px;\"  \/><span id=\"printfriendly-text2\" class=\"pf-button-text\">Seite ausgeben<\/span>\n                    <\/a>\n                <\/div><\/p>\n","protected":false},"excerpt":{"rendered":"<p>Checkliste Weinherstellung Zeitplan: Vorgang \u00a0Termine \u00a0Dauer Maischeg\u00e4rung 18.09.2011 1 Woche Abpressen und G\u00e4rung 25.09.2011 3 Wochen Abstich und Ruhen 16.10.2011 16 Wochen Flaschenabf\u00fcllung 18.01.2012 nach 20 Wochen Maischeg\u00e4rung Beginn am 18. September 2011 Dauer 1 Woche Trauben rot 1 g Kaliumdisulfat auf 10 l (Arausan Schwfelpulver 3 T\u00fctchen a 1 g auf 30 l) 2 [&hellip;]<\/p>\n","protected":false},"author":1,"featured_media":0,"parent":100,"menu_order":0,"comment_status":"closed","ping_status":"open","template":"","meta":[],"_links":{"self":[{"href":"http:\/\/schurig.berlin\/index.php?rest_route=\/wp\/v2\/pages\/267"}],"collection":[{"href":"http:\/\/schurig.berlin\/index.php?rest_route=\/wp\/v2\/pages"}],"about":[{"href":"http:\/\/schurig.berlin\/index.php?rest_route=\/wp\/v2\/types\/page"}],"author":[{"embeddable":true,"href":"http:\/\/schurig.berlin\/index.php?rest_route=\/wp\/v2\/users\/1"}],"replies":[{"embeddable":true,"href":"http:\/\/schurig.berlin\/index.php?rest_route=%2Fwp%2Fv2%2Fcomments&post=267"}],"version-history":[{"count":7,"href":"http:\/\/schurig.berlin\/index.php?rest_route=\/wp\/v2\/pages\/267\/revisions"}],"predecessor-version":[{"id":1341,"href":"http:\/\/schurig.berlin\/index.php?rest_route=\/wp\/v2\/pages\/267\/revisions\/1341"}],"up":[{"embeddable":true,"href":"http:\/\/schurig.berlin\/index.php?rest_route=\/wp\/v2\/pages\/100"}],"wp:attachment":[{"href":"http:\/\/schurig.berlin\/index.php?rest_route=%2Fwp%2Fv2%2Fmedia&parent=267"}],"curies":[{"name":"wp","href":"https:\/\/api.w.org\/{rel}","templated":true}]}}